{"id":1345,"date":"2018-10-08T14:50:13","date_gmt":"2018-10-08T11:50:13","guid":{"rendered":"http:\/\/www.moosexpress.com\/?page_id=1345"},"modified":"2018-11-30T08:49:45","modified_gmt":"2018-11-30T06:49:45","slug":"moose-isminin-dogusu","status":"publish","type":"page","link":"http:\/\/www.moosexpress.com\/?page_id=1345","title":{"rendered":"Moose \u0130sminin Do\u011fu\u015fu"},"content":{"rendered":"<p>[vc_row full_width=&#8221;stretch_row_content_no_spaces&#8221; css=&#8221;.vc_custom_1486122137217{margin-top: 0px !important;margin-bottom: 0px !important;padding-top: 0px !important;padding-bottom: 0px !important;background-color: #f8f9fa !important;}&#8221;][vc_column css=&#8221;.vc_custom_1486122106392{margin-top: 0px !important;margin-bottom: 0px !important;padding-top: 0px !important;padding-bottom: 0px !important;}&#8221;][vc_mad_section_with_media title_font_size=&#8221;38&#8243; image=&#8221;249&#8243; link=&#8221;|||&#8221;]<\/p>\n<div class=\"text-size-small\">\n<p>Moose Geyi\u011fi \u0130skandinav \u00fclkeleri ve Kanada&#8217;da kutsal say\u0131lan bir hayvand\u0131r. Aziz Nicholaos (Noel Baba) bizim bildi\u011fimiz Demreli Noel Baba hikayesi \u0130skandinav \u00fclkesi mitolojileri ile birle\u015ferek bug\u00fcnk\u00fc bilenen Noel Baba&#8217;ya d\u00f6n\u00fc\u015fm\u00fc\u015ft\u00fcr. Noel Baba&#8217;n\u0131n k\u0131za\u011f\u0131n\u0131 \u00e7eken 9 geyikten en \u00f6ndeki Rudolf&#8217;un Moose Geyi\u011fi oldu\u011fu bilinmektedir. Moose Express&#8217;in ismi buradan do\u011fmu\u015ftur.<\/p>\n<\/div>\n<p>[\/vc_mad_section_with_media][\/vc_column][\/vc_row]<\/p>\n","protected":false},"excerpt":{"rendered":"<p>[vc_row full_width=&#8221;stretch_row_content_no_spaces&#8221; css=&#8221;.vc_custom_1486122137217{margin-top: 0px !important;margin-bottom: 0px !important;padding-top: 0px !important;padding-bottom: 0px !important;background-color: #f8f9fa !important;}&#8221;][vc_column css=&#8221;.vc_custom_1486122106392{margin-top: 0px !important;margin-bottom: 0px !important;padding-top: 0px !important;padding-bottom: 0px !important;}&#8221;][vc_mad_section_with_media title_font_size=&#8221;38&#8243; image=&#8221;249&#8243; link=&#8221;|||&#8221;] Moose Geyi\u011fi \u0130skandinav \u00fclkeleri ve Kanada&#8217;da kutsal say\u0131lan bir hayvand\u0131r. Aziz Nicholaos (Noel Baba) bizim bildi\u011fimiz Demreli Noel Baba hikayesi \u0130skandinav \u00fclkesi mitolojileri ile birle\u015ferek bug\u00fcnk\u00fc bilenen Noel Baba&#8217;ya d\u00f6n\u00fc\u015fm\u00fc\u015ft\u00fcr. [&hellip;]<\/p>\n","protected":false},"author":1,"featured_media":0,"parent":0,"menu_order":0,"comment_status":"closed","ping_status":"closed","template":"","meta":{"footnotes":""},"class_list":["post-1345","page","type-page","status-publish","hentry"],"_links":{"self":[{"href":"http:\/\/www.moosexpress.com\/index.php?rest_route=\/wp\/v2\/pages\/1345"}],"collection":[{"href":"http:\/\/www.moosexpress.com\/index.php?rest_route=\/wp\/v2\/pages"}],"about":[{"href":"http:\/\/www.moosexpress.com\/index.php?rest_route=\/wp\/v2\/types\/page"}],"author":[{"embeddable":true,"href":"http:\/\/www.moosexpress.com\/index.php?rest_route=\/wp\/v2\/users\/1"}],"replies":[{"embeddable":true,"href":"http:\/\/www.moosexpress.com\/index.php?rest_route=%2Fwp%2Fv2%2Fcomments&post=1345"}],"version-history":[{"count":0,"href":"http:\/\/www.moosexpress.com\/index.php?rest_route=\/wp\/v2\/pages\/1345\/revisions"}],"wp:attachment":[{"href":"http:\/\/www.moosexpress.com\/index.php?rest_route=%2Fwp%2Fv2%2Fmedia&parent=1345"}],"curies":[{"name":"wp","href":"https:\/\/api.w.org\/{rel}","templated":true}]}}