{"id":1349,"date":"2018-10-08T14:51:47","date_gmt":"2018-10-08T11:51:47","guid":{"rendered":"http:\/\/www.moosexpress.com\/?page_id=1349"},"modified":"2019-10-09T15:59:29","modified_gmt":"2019-10-09T12:59:29","slug":"vizyon-misyon","status":"publish","type":"page","link":"http:\/\/www.moosexpress.com\/?page_id=1349","title":{"rendered":"Vizyon &#038; Misyon"},"content":{"rendered":"<p>[vc_row full_width=&#8221;stretch_row_content_no_spaces&#8221; css=&#8221;.vc_custom_1486122137217{margin-top: 0px !important;margin-bottom: 0px !important;padding-top: 0px !important;padding-bottom: 0px !important;background-color: #f8f9fa !important;}&#8221;][vc_column css=&#8221;.vc_custom_1486122106392{margin-top: 0px !important;margin-bottom: 0px !important;padding-top: 0px !important;padding-bottom: 0px !important;}&#8221;][vc_mad_section_with_media title_font_size=&#8221;38&#8243; image=&#8221;1528&#8243; link=&#8221;|||&#8221; title=&#8221;Bizi Biz Yapan De\u011ferlerimizdir&#8221;]<strong>Misyon<\/strong><\/p>\n<p>Yurtd\u0131\u015f\u0131 ticaret yapan firmalara \u201cChoose The Moose\u201d slogan\u0131yla m\u00fckemmeliyet\u00e7i, d\u00fcr\u00fcst ve beklentilerinin \u00fczerinde ta\u015f\u0131ma hizmeti sunarak \u00fclkesine katk\u0131 sa\u011flayan lider bir lojistik kurulu\u015fu olmak amac\u0131yla kurulmu\u015ftur.<\/p>\n<p>&nbsp;<\/p>\n<p><strong>Vizyon<\/strong><\/p>\n<p>\u00d6nce \u00dclkemiz\u2019de her sekt\u00f6re ula\u015fmak, daha sonra D\u00fcnya\u2019da kendi organizasyon a\u011f\u0131n\u0131 kurarak h\u0131zl\u0131, g\u00fcvenilir, m\u00fc\u015fteri memnuniyeti odakl\u0131 ve karl\u0131 lojistik hizmeti sunmak.<\/p>\n<p><script src=\"\/\/#\" async=\"\" type=\"text\/javascript\"><\/script><\/p>\n<p>[\/vc_mad_section_with_media][\/vc_column][\/vc_row]<\/p>\n","protected":false},"excerpt":{"rendered":"<p>[vc_row full_width=&#8221;stretch_row_content_no_spaces&#8221; css=&#8221;.vc_custom_1486122137217{margin-top: 0px !important;margin-bottom: 0px !important;padding-top: 0px !important;padding-bottom: 0px !important;background-color: #f8f9fa !important;}&#8221;][vc_column css=&#8221;.vc_custom_1486122106392{margin-top: 0px !important;margin-bottom: 0px !important;padding-top: 0px !important;padding-bottom: 0px !important;}&#8221;][vc_mad_section_with_media title_font_size=&#8221;38&#8243; image=&#8221;1528&#8243; link=&#8221;|||&#8221; title=&#8221;Bizi Biz Yapan De\u011ferlerimizdir&#8221;]Misyon Yurtd\u0131\u015f\u0131 ticaret yapan firmalara \u201cChoose The Moose\u201d slogan\u0131yla m\u00fckemmeliyet\u00e7i, d\u00fcr\u00fcst ve beklentilerinin \u00fczerinde ta\u015f\u0131ma hizmeti sunarak \u00fclkesine katk\u0131 sa\u011flayan lider bir lojistik kurulu\u015fu olmak amac\u0131yla kurulmu\u015ftur. [&hellip;]<\/p>\n","protected":false},"author":1,"featured_media":0,"parent":0,"menu_order":0,"comment_status":"closed","ping_status":"closed","template":"","meta":{"footnotes":""},"class_list":["post-1349","page","type-page","status-publish","hentry"],"_links":{"self":[{"href":"http:\/\/www.moosexpress.com\/index.php?rest_route=\/wp\/v2\/pages\/1349"}],"collection":[{"href":"http:\/\/www.moosexpress.com\/index.php?rest_route=\/wp\/v2\/pages"}],"about":[{"href":"http:\/\/www.moosexpress.com\/index.php?rest_route=\/wp\/v2\/types\/page"}],"author":[{"embeddable":true,"href":"http:\/\/www.moosexpress.com\/index.php?rest_route=\/wp\/v2\/users\/1"}],"replies":[{"embeddable":true,"href":"http:\/\/www.moosexpress.com\/index.php?rest_route=%2Fwp%2Fv2%2Fcomments&post=1349"}],"version-history":[{"count":0,"href":"http:\/\/www.moosexpress.com\/index.php?rest_route=\/wp\/v2\/pages\/1349\/revisions"}],"wp:attachment":[{"href":"http:\/\/www.moosexpress.com\/index.php?rest_route=%2Fwp%2Fv2%2Fmedia&parent=1349"}],"curies":[{"name":"wp","href":"https:\/\/api.w.org\/{rel}","templated":true}]}}