{"id":1353,"date":"2018-10-08T14:57:47","date_gmt":"2018-10-08T11:57:47","guid":{"rendered":"http:\/\/www.moosexpress.com\/?page_id=1353"},"modified":"2019-09-19T10:59:00","modified_gmt":"2019-09-19T07:59:00","slug":"sss","status":"publish","type":"page","link":"http:\/\/www.moosexpress.com\/?page_id=1353","title":{"rendered":"SSS"},"content":{"rendered":"<p>[vc_row][vc_column css=&#8221;.vc_custom_1540380234665{padding-top: 25px !important;}&#8221;][vc_column_text]<\/p>\n<h2 style=\"text-align: center;\">S\u0131k\u00e7a Sorulan Sorular<\/h2>\n<p>[\/vc_column_text][vc_toggle title=&#8221;G\u00f6nderi yapmak i\u00e7in Moose hesab\u0131na ihtiyac\u0131m var m\u0131?&#8221; open=&#8221;true&#8221;]Web Shipping sistemine kaydolmak i\u00e7in Moose hesap numaras\u0131na ihtiyac\u0131n\u0131z vard\u0131r. Cari bilgilerinizi sat\u0131\u015f departman\u0131m\u0131za ilettikten sonra size tan\u0131mlayacaklar\u0131 kullan\u0131c\u0131 ad\u0131 ve \u015fifre ile giri\u015f yapabilir, kayd\u0131n\u0131z\u0131 olu\u015fturabilirsiniz.[\/vc_toggle][vc_toggle title=&#8221;Ka\u00e7 adet kon\u015fimento n\u00fcshas\u0131 basmal\u0131y\u0131m?&#8221;]G\u00f6nderinizdeki her paket i\u00e7in 3 kon\u015fimento basmal\u0131s\u0131n\u0131z.[\/vc_toggle][vc_toggle title=&#8221;G\u00f6nderimi nas\u0131l takip edebilirim?&#8221;]Kayd\u0131n\u0131 olu\u015fturdu\u011funuz g\u00f6nderinize tan\u0131mlanan takip numaras\u0131 ile Ana sayfam\u0131zda g\u00f6nderi takibi k\u0131sm\u0131ndan takip numaras\u0131n\u0131 girerek g\u00f6nderinizin anl\u0131k durumu hakk\u0131nda bilgiye ula\u015fabilirsiniz.[\/vc_toggle][\/vc_column][\/vc_row]<\/p>\n","protected":false},"excerpt":{"rendered":"<p>[vc_row][vc_column css=&#8221;.vc_custom_1540380234665{padding-top: 25px !important;}&#8221;][vc_column_text] S\u0131k\u00e7a Sorulan Sorular [\/vc_column_text][vc_toggle title=&#8221;G\u00f6nderi yapmak i\u00e7in Moose hesab\u0131na ihtiyac\u0131m var m\u0131?&#8221; open=&#8221;true&#8221;]Web Shipping sistemine kaydolmak i\u00e7in Moose hesap numaras\u0131na ihtiyac\u0131n\u0131z vard\u0131r. Cari bilgilerinizi sat\u0131\u015f departman\u0131m\u0131za ilettikten sonra size tan\u0131mlayacaklar\u0131 kullan\u0131c\u0131 ad\u0131 ve \u015fifre ile giri\u015f yapabilir, kayd\u0131n\u0131z\u0131 olu\u015fturabilirsiniz.[\/vc_toggle][vc_toggle title=&#8221;Ka\u00e7 adet kon\u015fimento n\u00fcshas\u0131 basmal\u0131y\u0131m?&#8221;]G\u00f6nderinizdeki her paket i\u00e7in 3 kon\u015fimento basmal\u0131s\u0131n\u0131z.[\/vc_toggle][vc_toggle title=&#8221;G\u00f6nderimi [&hellip;]<\/p>\n","protected":false},"author":1,"featured_media":0,"parent":0,"menu_order":0,"comment_status":"closed","ping_status":"closed","template":"","meta":{"footnotes":""},"class_list":["post-1353","page","type-page","status-publish","hentry"],"_links":{"self":[{"href":"http:\/\/www.moosexpress.com\/index.php?rest_route=\/wp\/v2\/pages\/1353"}],"collection":[{"href":"http:\/\/www.moosexpress.com\/index.php?rest_route=\/wp\/v2\/pages"}],"about":[{"href":"http:\/\/www.moosexpress.com\/index.php?rest_route=\/wp\/v2\/types\/page"}],"author":[{"embeddable":true,"href":"http:\/\/www.moosexpress.com\/index.php?rest_route=\/wp\/v2\/users\/1"}],"replies":[{"embeddable":true,"href":"http:\/\/www.moosexpress.com\/index.php?rest_route=%2Fwp%2Fv2%2Fcomments&post=1353"}],"version-history":[{"count":0,"href":"http:\/\/www.moosexpress.com\/index.php?rest_route=\/wp\/v2\/pages\/1353\/revisions"}],"wp:attachment":[{"href":"http:\/\/www.moosexpress.com\/index.php?rest_route=%2Fwp%2Fv2%2Fmedia&parent=1353"}],"curies":[{"name":"wp","href":"https:\/\/api.w.org\/{rel}","templated":true}]}}