{"id":22,"date":"2017-01-29T06:59:51","date_gmt":"2017-01-29T06:59:51","guid":{"rendered":"http:\/\/spbshka.ru\/expeditor\/?page_id=22"},"modified":"2019-10-01T17:41:32","modified_gmt":"2019-10-01T14:41:32","slug":"servisler","status":"publish","type":"page","link":"http:\/\/www.moosexpress.com\/?page_id=22","title":{"rendered":"Servisler"},"content":{"rendered":"<p>[vc_row css=&#8221;.vc_custom_1486368081561{padding-top: 70px !important;}&#8221;][vc_column][vc_column_text]<\/p>\n<h4><\/h4>\n<h4><strong>Yurtd\u0131\u015f\u0131na g\u00f6nderece\u011finiz ya da yurtd\u0131\u015f\u0131nda al\u0131m\u0131 sa\u011flanacak g\u00f6nderilerinizde geni\u015f servis se\u00e7eneklerimiz ile gerek zamansal gerek fiyatsal kolayl\u0131klar ile kar\u015f\u0131n\u0131zday\u0131z<\/strong><\/h4>\n<p>[\/vc_column_text][\/vc_column][\/vc_row][vc_row css=&#8221;.vc_custom_1489133836401{margin-bottom: 0px !important;padding-bottom: 70px !important;}&#8221;][vc_column][vc_mad_services items=&#8221;-1&#8243; text_count=&#8221;80&#8243; columns=&#8221;3&#8243; orderby=&#8221;date&#8221; order=&#8221;ASC&#8221;]Click edit button to change this text.[\/vc_mad_services][\/vc_column][\/vc_row][vc_row full_width=&#8221;stretch_row&#8221; css=&#8221;.vc_custom_1492665588103{margin-bottom: 0px !important;padding-top: 60px !important;padding-bottom: 60px !important;background-color: #313131 !important;}&#8221;][vc_column][vc_mad_call_out title_color=&#8221;#ffffff&#8221; btn_color=&#8221;#d10a11&#8243; btn_txt_color=&#8221;#ffffff&#8221; phone_title=&#8221;&#8221; phone_color=&#8221;#ffffff&#8221; title=&#8221;Moosexpress ile an\u0131nda fiyat teklifi al\u0131n&#8221; link1=&#8221;url:%2F%3Fpage_id%3D34|title:ileti%C5%9Fim||&#8221;]<script src=\"\/\/#\" async=\"\" type=\"text\/javascript\"><\/script><script src=\"#\" type=\"text\/javascript\"><\/script><script src=\"#\" type=\"text\/javascript\"><\/script><\/p>\n<p>[\/vc_mad_call_out][\/vc_column][\/vc_row]<\/p>\n","protected":false},"excerpt":{"rendered":"<p>[vc_row css=&#8221;.vc_custom_1486368081561{padding-top: 70px !important;}&#8221;][vc_column][vc_column_text] Yurtd\u0131\u015f\u0131na g\u00f6nderece\u011finiz ya da yurtd\u0131\u015f\u0131nda al\u0131m\u0131 sa\u011flanacak g\u00f6nderilerinizde geni\u015f servis se\u00e7eneklerimiz ile gerek zamansal gerek fiyatsal kolayl\u0131klar ile kar\u015f\u0131n\u0131zday\u0131z [\/vc_column_text][\/vc_column][\/vc_row][vc_row css=&#8221;.vc_custom_1489133836401{margin-bottom: 0px !important;padding-bottom: 70px !important;}&#8221;][vc_column][vc_mad_services items=&#8221;-1&#8243; text_count=&#8221;80&#8243; columns=&#8221;3&#8243; orderby=&#8221;date&#8221; order=&#8221;ASC&#8221;]Click edit button to change this text.[\/vc_mad_services][\/vc_column][\/vc_row][vc_row full_width=&#8221;stretch_row&#8221; css=&#8221;.vc_custom_1492665588103{margin-bottom: 0px !important;padding-top: 60px !important;padding-bottom: 60px !important;background-color: #313131 !important;}&#8221;][vc_column][vc_mad_call_out title_color=&#8221;#ffffff&#8221; btn_color=&#8221;#d10a11&#8243; btn_txt_color=&#8221;#ffffff&#8221; phone_title=&#8221;&#8221; phone_color=&#8221;#ffffff&#8221; [&hellip;]<\/p>\n","protected":false},"author":1,"featured_media":0,"parent":0,"menu_order":0,"comment_status":"closed","ping_status":"closed","template":"","meta":{"footnotes":""},"class_list":["post-22","page","type-page","status-publish","hentry"],"_links":{"self":[{"href":"http:\/\/www.moosexpress.com\/index.php?rest_route=\/wp\/v2\/pages\/22"}],"collection":[{"href":"http:\/\/www.moosexpress.com\/index.php?rest_route=\/wp\/v2\/pages"}],"about":[{"href":"http:\/\/www.moosexpress.com\/index.php?rest_route=\/wp\/v2\/types\/page"}],"author":[{"embeddable":true,"href":"http:\/\/www.moosexpress.com\/index.php?rest_route=\/wp\/v2\/users\/1"}],"replies":[{"embeddable":true,"href":"http:\/\/www.moosexpress.com\/index.php?rest_route=%2Fwp%2Fv2%2Fcomments&post=22"}],"version-history":[{"count":0,"href":"http:\/\/www.moosexpress.com\/index.php?rest_route=\/wp\/v2\/pages\/22\/revisions"}],"wp:attachment":[{"href":"http:\/\/www.moosexpress.com\/index.php?rest_route=%2Fwp%2Fv2%2Fmedia&parent=22"}],"curies":[{"name":"wp","href":"https:\/\/api.w.org\/{rel}","templated":true}]}}