{"id":34,"date":"2017-01-29T07:01:40","date_gmt":"2017-01-29T07:01:40","guid":{"rendered":"http:\/\/spbshka.ru\/expeditor\/?page_id=34"},"modified":"2021-04-26T10:43:32","modified_gmt":"2021-04-26T07:43:32","slug":"iletisim","status":"publish","type":"page","link":"http:\/\/www.moosexpress.com\/?page_id=34","title":{"rendered":"\u0130leti\u015fim"},"content":{"rendered":"<p>[vc_row full_width=&#8221;stretch_row_content_no_spaces&#8221; css=&#8221;.vc_custom_1485850960408{margin-bottom: 0px !important;padding-bottom: 0px !important;}&#8221;][vc_column][vc_gmaps link=&#8221;#E-8_JTNDaWZyYW1lJTIwc3JjJTNEJTIyaHR0cHMlM0ElMkYlMkZ3d3cuZ29vZ2xlLmNvbSUyRm1hcHMlMkZlbWJlZCUzRnBiJTNEJTIxMW0xNCUyMTFtOCUyMTFtMyUyMTFkNjI0OC45OTIyMTQyNjY1NzIlMjEyZDI3LjE5Njk4ODg5MDczNzkyNCUyMTNkMzguNDUzMTA2NDkwMzIxODElMjEzbTIlMjExaTEwMjQlMjEyaTc2OCUyMTRmMTMuMSUyMTNtMyUyMTFtMiUyMTFzMHgwJTI1M0EweDVkMGE3Yzg4ZDljYjA4N2UlMjEyc0xvYmlQYXJsYXMlMjUyMFJlc2lkZW5jZSUyNTI2T2ZmaWNlJTIxNWUwJTIxM20yJTIxMXN0ciUyMTJzdHIlMjE0djE2MTk0MjA5MDUwMDElMjE1bTIlMjExc3RyJTIxMnN0ciUyMiUyMHdpZHRoJTNEJTIyMTAwJTI1JTIyJTIwaGVpZ2h0JTNEJTIyNDUwJTIyJTIwc3R5bGUlM0QlMjJib3JkZXIlM0EwJTNCJTIyJTIwYWxsb3dmdWxsc2NyZWVuJTNEJTIyJTIyJTIwbG9hZGluZyUzRCUyMmxhenklMjIlM0UlM0MlMkZpZnJhbWUlM0U=&#8221;][\/vc_column][\/vc_row][vc_row full_width=&#8221;stretch_row&#8221; css=&#8221;.vc_custom_1485850950590{margin-top: 0px !important;padding-top: 45px !important;padding-bottom: 45px !important;background-color: #f8f9fa !important;}&#8221;][vc_column width=&#8221;1\/3&#8243;][vc_mad_contact_info_block title=&#8221;\u0130zmir Merkez&#8221; phone=&#8221;+90 232 24 66673 (MOOSE)&#8221; mail=&#8221;info@moosexpress.com&#8221;]Kaz\u0131mdirik Mah. \u00dcniversite Cad. Lobiparlas Residence\/72 no: 104 Bornova \u0130ZM\u0130R[\/vc_mad_contact_info_block][\/vc_column][vc_column width=&#8221;1\/3&#8243;][vc_mad_contact_info_block title=&#8221;\u0130zmir \u015eube 1&#8243; phone=&#8221;+90 232 42 66673 (MOOSE)&#8221; mail=&#8221;info@moosexpress.com&#8221;]1570 Sokak No:19 Kuyumcu \u0130\u015fhan\u0131 D:47 \u00c7\u0131narl\u0131\u00a0 \/\u00a0 Konak\u00a0 \/ \u0130ZM\u0130R[\/vc_mad_contact_info_block][\/vc_column][vc_column width=&#8221;1\/3&#8243;][vc_mad_contact_info_block title=&#8221;\u0130stanbul \u015eube&#8221; phone=&#8221;+90 232 59 66673 (MOOSE)&#8221; mail=&#8221;info@moosexpress.com&#8221;]Yenibosna Merkez Mah. De\u011firmenbah\u00e7e Cd. No:17 \u0130stwest A2V Blok No:5 Bah\u00e7elievler \/ \u0130STANBUL[\/vc_mad_contact_info_block][\/vc_column][\/vc_row][vc_row css=&#8221;.vc_custom_1489168761912{margin-top: 0px !important;margin-bottom: 0px !important;padding-top: 30px !important;padding-bottom: 50px !important;}&#8221;][vc_column offset=&#8221;vc_col-lg-6 vc_col-md-12 vc_col-xs-12&#8243;][vc_column_text]<\/p>\n<h2>\u0130leti\u015fim Formu<\/h2>\n<p>7\/24 Mail \u015eikayet ve Sorunlar\u0131n\u0131z\u0131\u00a0 Bizlerle Payla\u015fabilirsiniz\u2026[\/vc_column_text]<div role=\"form\" class=\"wpcf7\" id=\"wpcf7-f96-o1\" lang=\"en-US\" dir=\"ltr\">\n<div class=\"screen-reader-response\"><\/div>\n<form action=\"\/index.php?rest_route=%2Fwp%2Fv2%2Fpages%2F34#wpcf7-f96-o1\" method=\"post\" class=\"wpcf7-form\" novalidate=\"novalidate\">\n<div style=\"display: none;\">\n<input type=\"hidden\" name=\"_wpcf7\" value=\"96\" \/>\n<input type=\"hidden\" name=\"_wpcf7_version\" value=\"5.1.7\" \/>\n<input type=\"hidden\" name=\"_wpcf7_locale\" value=\"en_US\" \/>\n<input type=\"hidden\" name=\"_wpcf7_unit_tag\" value=\"wpcf7-f96-o1\" \/>\n<input type=\"hidden\" name=\"_wpcf7_container_post\" value=\"0\" \/>\n<\/div>\n<div class=\"form-style1 fx-cols-2\">\n<div class=\"form-column\"><span class=\"wpcf7-form-control-wrap text-301\"><input type=\"text\" name=\"text-301\" value=\"\" size=\"40\" class=\"wpcf7-form-control wpcf7-text\" aria-invalid=\"false\" placeholder=\"\u0130sim Soyisim\" \/><\/span><\/div>\n<div class=\"form-column\"><span class=\"wpcf7-form-control-wrap text-302\"><input type=\"text\" name=\"text-302\" value=\"\" size=\"40\" class=\"wpcf7-form-control wpcf7-text\" aria-invalid=\"false\" placeholder=\"Firma\" \/><\/span><\/div>\n<div class=\"form-column\"><span class=\"wpcf7-form-control-wrap text-303\"><input type=\"text\" name=\"text-303\" value=\"\" size=\"40\" class=\"wpcf7-form-control wpcf7-text\" aria-invalid=\"false\" placeholder=\"Konu\" \/><\/span><\/div>\n<div class=\"form-column\"><span class=\"wpcf7-form-control-wrap text-304\"><input type=\"text\" name=\"text-304\" value=\"\" size=\"40\" class=\"wpcf7-form-control wpcf7-text\" aria-invalid=\"false\" placeholder=\"Telefon\" \/><\/span><\/div>\n<div class=\"form-column\"><span class=\"wpcf7-form-control-wrap text-306\"><input type=\"text\" name=\"text-306\" value=\"\" size=\"40\" class=\"wpcf7-form-control wpcf7-text\" aria-invalid=\"false\" placeholder=\"Dahili\" \/><\/span><\/div>\n<div class=\"form-column\"><span class=\"wpcf7-form-control-wrap text-307\"><input type=\"text\" name=\"text-307\" value=\"\" size=\"40\" class=\"wpcf7-form-control wpcf7-text\" aria-invalid=\"false\" placeholder=\"Fax\" \/><\/span><\/div>\n<div class=\"form-column-full\"><span class=\"wpcf7-form-control-wrap email-453\"><input type=\"email\" name=\"email-453\" value=\"\" size=\"40\" class=\"wpcf7-form-control wpcf7-text wpcf7-email wpcf7-validates-as-email\" aria-invalid=\"false\" placeholder=\"E-Posta\" \/><\/span><\/div>\n<div class=\"form-column\"><span class=\"wpcf7-form-control-wrap textarea-117\"><textarea name=\"textarea-117\" cols=\"40\" rows=\"4\" class=\"wpcf7-form-control wpcf7-textarea\" aria-invalid=\"false\" placeholder=\"Adres\"><\/textarea><\/span><\/div>\n<div class=\"form-column\"><span class=\"wpcf7-form-control-wrap textarea-118\"><textarea name=\"textarea-118\" cols=\"40\" rows=\"4\" class=\"wpcf7-form-control wpcf7-textarea\" aria-invalid=\"false\" placeholder=\"Mesaj\"><\/textarea><\/span><\/div>\n<div id=\"cf7sr-69f61f9fd25a9\" class=\"cf7sr-g-recaptcha\" data-sitekey=\"6LfVB8sUAAAAAOKpSzOLvdQ2y1AxTt8rVCrl_vks\"><\/div><span class=\"wpcf7-form-control-wrap cf7sr-g-recaptcha-invalid\"><\/span> <\/p>\n<div class=\"form-column-full\"><input type=\"submit\" value=\"G\u00f6nder\" class=\"wpcf7-form-control wpcf7-submit\" \/><\/div>\n<\/div>\n<div class=\"wpcf7-response-output wpcf7-display-none\"><\/div><\/form><\/div>[\/vc_column][vc_column offset=&#8221;vc_col-lg-6 vc_col-md-12 vc_col-xs-12&#8243;]\r\n\t\t\t<div  class=\"infoblock banners-wrap type-1  fx-cols-2\">\r\n\t\t\t\r\n\t\t\t\t\t\t\t\r\n\t\t\t\r\n\t\t\t\t\t\t\t\t\r\n\t\t\t\t\r\n\t\t\t<\/div><!--\/ .infoblock-->\r\n\r\n\t\t\t[\/vc_column][\/vc_row][vc_row][vc_column][\/vc_column][\/vc_row]<\/p>\n","protected":false},"excerpt":{"rendered":"<p>[vc_row full_width=&#8221;stretch_row_content_no_spaces&#8221; css=&#8221;.vc_custom_1485850960408{margin-bottom: 0px !important;padding-bottom: 0px !important;}&#8221;][vc_column][vc_gmaps link=&#8221;#E-8_JTNDaWZyYW1lJTIwc3JjJTNEJTIyaHR0cHMlM0ElMkYlMkZ3d3cuZ29vZ2xlLmNvbSUyRm1hcHMlMkZlbWJlZCUzRnBiJTNEJTIxMW0xNCUyMTFtOCUyMTFtMyUyMTFkNjI0OC45OTIyMTQyNjY1NzIlMjEyZDI3LjE5Njk4ODg5MDczNzkyNCUyMTNkMzguNDUzMTA2NDkwMzIxODElMjEzbTIlMjExaTEwMjQlMjEyaTc2OCUyMTRmMTMuMSUyMTNtMyUyMTFtMiUyMTFzMHgwJTI1M0EweDVkMGE3Yzg4ZDljYjA4N2UlMjEyc0xvYmlQYXJsYXMlMjUyMFJlc2lkZW5jZSUyNTI2T2ZmaWNlJTIxNWUwJTIxM20yJTIxMXN0ciUyMTJzdHIlMjE0djE2MTk0MjA5MDUwMDElMjE1bTIlMjExc3RyJTIxMnN0ciUyMiUyMHdpZHRoJTNEJTIyMTAwJTI1JTIyJTIwaGVpZ2h0JTNEJTIyNDUwJTIyJTIwc3R5bGUlM0QlMjJib3JkZXIlM0EwJTNCJTIyJTIwYWxsb3dmdWxsc2NyZWVuJTNEJTIyJTIyJTIwbG9hZGluZyUzRCUyMmxhenklMjIlM0UlM0MlMkZpZnJhbWUlM0U=&#8221;][\/vc_column][\/vc_row][vc_row full_width=&#8221;stretch_row&#8221; css=&#8221;.vc_custom_1485850950590{margin-top: 0px !important;padding-top: 45px !important;padding-bottom: 45px !important;background-color: #f8f9fa !important;}&#8221;][vc_column width=&#8221;1\/3&#8243;][vc_mad_contact_info_block title=&#8221;\u0130zmir Merkez&#8221; phone=&#8221;+90 232 24 66673 (MOOSE)&#8221; mail=&#8221;info@moosexpress.com&#8221;]Kaz\u0131mdirik Mah. \u00dcniversite Cad. Lobiparlas Residence\/72 no: 104 Bornova \u0130ZM\u0130R[\/vc_mad_contact_info_block][\/vc_column][vc_column width=&#8221;1\/3&#8243;][vc_mad_contact_info_block title=&#8221;\u0130zmir \u015eube 1&#8243; phone=&#8221;+90 232 42 66673 (MOOSE)&#8221; mail=&#8221;info@moosexpress.com&#8221;]1570 Sokak No:19 Kuyumcu \u0130\u015fhan\u0131 D:47 \u00c7\u0131narl\u0131\u00a0 \/\u00a0 Konak\u00a0 \/ [&hellip;]<\/p>\n","protected":false},"author":1,"featured_media":0,"parent":0,"menu_order":0,"comment_status":"closed","ping_status":"closed","template":"","meta":{"footnotes":""},"class_list":["post-34","page","type-page","status-publish","hentry"],"_links":{"self":[{"href":"http:\/\/www.moosexpress.com\/index.php?rest_route=\/wp\/v2\/pages\/34"}],"collection":[{"href":"http:\/\/www.moosexpress.com\/index.php?rest_route=\/wp\/v2\/pages"}],"about":[{"href":"http:\/\/www.moosexpress.com\/index.php?rest_route=\/wp\/v2\/types\/page"}],"author":[{"embeddable":true,"href":"http:\/\/www.moosexpress.com\/index.php?rest_route=\/wp\/v2\/users\/1"}],"replies":[{"embeddable":true,"href":"http:\/\/www.moosexpress.com\/index.php?rest_route=%2Fwp%2Fv2%2Fcomments&post=34"}],"version-history":[{"count":0,"href":"http:\/\/www.moosexpress.com\/index.php?rest_route=\/wp\/v2\/pages\/34\/revisions"}],"wp:attachment":[{"href":"http:\/\/www.moosexpress.com\/index.php?rest_route=%2Fwp%2Fv2%2Fmedia&parent=34"}],"curies":[{"name":"wp","href":"https:\/\/api.w.org\/{rel}","templated":true}]}}