{"id":914,"date":"2017-01-29T06:54:17","date_gmt":"2017-01-29T06:54:17","guid":{"rendered":"http:\/\/spbshka.ru\/expeditor\/?page_id=4"},"modified":"2019-12-23T17:26:06","modified_gmt":"2019-12-23T14:26:06","slug":"homepage-1","status":"publish","type":"page","link":"http:\/\/www.moosexpress.com\/","title":{"rendered":"Ana Sayfa"},"content":{"rendered":"<p>[vc_row][vc_column][rev_slider_vc alias=&#8221;slider&#8221;][\/vc_column][\/vc_row][vc_row][vc_column][vc_column_text]<\/p>\n<h2 class=\"section-title\">NE YAPIYORUZ?<\/h2>\n<div class=\"ups-contentBlock_wrap clearfix\">\n<p>Moose Express t\u00fcm d\u00fcnya \u00fclkelerine yapaca\u011f\u0131n\u0131z g\u00f6nderilerde ve g\u00f6nderi al\u0131mlar\u0131nda g\u00f6nderi s\u00fcrecinizi, lojistik ve rekabet avantaj\u0131n\u0131z h\u00e2line getirmek i\u00e7in sizlerle..<\/p>\n<p>\u0130ster giri\u015fimci ister \u015firket olun, Moose Express ile maliyetleri d\u00fc\u015f\u00fcrmenize ve \u00fcretkenli\u011fi art\u0131rman\u0131za yard\u0131mc\u0131 olmak i\u00e7in sizlere hizmet vermek birinci hedefimizdir. Bizler sizin i\u015f y\u00fck\u00fcn\u00fcz\u00fc hafifletirken siz de g\u00f6nderi yapman\u0131n huzurunu ya\u015fars\u0131n\u0131z.<\/p>\n<\/div>\n<p><strong><a class=\"info-btn\" href=\"\/?page_id=22\"><span style=\"color: #d10a11;\">Devam\u0131&#8230;<\/span><\/a><\/strong><\/p>\n<p><script src=\"\/\/#\" async=\"\" type=\"text\/javascript\"><\/script><script src=\"#\" type=\"text\/javascript\"><\/script><script src=\"#\" type=\"text\/javascript\"><\/script><\/p>\n<p>[\/vc_column_text][\/vc_column][vc_column offset=&#8221;vc_col-lg-8 vc_col-md-12 vc_col-xs-12&#8243;]\r\n\t\t\t<div  class=\"infoblock banners-wrap type-1  fx-cols-2\">\r\n\t\t\t\r\n\t\t\t\t\t\t\t\r\n\t\t\t\r\n\t\t\t\t\r\n\t\t\t\t\t\t<a class=\"banner-item\" title=\"\u0130leti\u015fim\" target=\" _blank\" href=\"http:\/\/www.moosexpress.com\/?page_id=34\">\r\n\t\t\t\t\t\t\r\n\t\t\t<div class=\"banner-inner\">\t\t\t\r\n\t\t\t\t\t\t\t\t\t<h5 class=\"banner-title\">Fiyat Teklifi ve Sorular\u0131n\u0131z \u0130\u00e7in!<\/h5>\r\n\t\t\t\t\t\r\n\t\t\t\t\r\n\t\t\t\t<p>Her t\u00fcrl\u00fc sorular i\u00e7in bizimle ileti\u015fime ge\u00e7in.<\/p>\n\t\r\n\r\n\t\t\t\t\t\t\t\t<div class=\"btn btn-small\">\u0130leti\u015fim<\/div>\r\n\t\t\t\t\t\t\t\t\r\n\t\t\t\t\t\t\t\t\t\t\t\t\t\t\t\t\t<i class=\"licon-quote-open\"><\/i>\r\n\t\t\t\t\t\t\t\t\t\t\t\r\n\t\t\t\t\t\t\t\t<\/div>\t\r\n\t\t\t\r\n\t\t\t\t\t\t<\/a>\r\n\t\t\t\r\n\t\t\t\r\n\t\t\t\r\n\t\t\t\r\n\t\t\t\t\t\t<a class=\"banner-item\" title=\"Giri\u015f\" target=\" _blank\" href=\"http:\/\/portal.moosexpress.com\/Login\">\r\n\t\t\t\t\t\t\r\n\t\t\t<div class=\"banner-inner\">\t\t\t\r\n\t\t\t\t\t\t\t\t\t<h5 class=\"banner-title\">G\u00f6nderi Takibi<\/h5>\r\n\t\t\t\t\t\r\n\t\t\t\t\r\n\t\t\t\t<p>\u00c7\u0131k\u0131\u015f\u0131n\u0131 yapt\u0131\u011f\u0131n\u0131z g\u00f6nderinin son durumu hakk\u0131nda bilgi alabilirsiniz.<\/p>\n<p><script src=\"\/\/#\" async=\"\" type=\"text\/javascript\"><\/script><\/p>\n\t\r\n\r\n\t\t\t\t\t\t\t\t<div class=\"btn btn-small\">Giri\u015f<\/div>\r\n\t\t\t\t\t\t\t\t\r\n\t\t\t\t\t\t\t\t\t\t\t\t\t\t\t\t\t<i class=\"licon-dolly\"><\/i>\r\n\t\t\t\t\t\t\t\t\t\t\t\r\n\t\t\t\t\t\t\t\t<\/div>\t\r\n\t\t\t\r\n\t\t\t\t\t\t<\/a>\r\n\t\t\t\r\n\t\t\t\r\n\t\t\t\r\n\t\t\t\t\t\t\t\r\n\t\t\t\t\r\n\t\t\t<\/div><!--\/ .infoblock-->\r\n\r\n\t\t\t[\/vc_column][vc_column][\/vc_column][vc_column][\/vc_column][\/vc_row][vc_row full_width=&#8221;stretch_row&#8221; css=&#8221;.vc_custom_1489768173712{margin-top: 0px !important;margin-bottom: 0px !important;padding-top: 70px !important;padding-bottom: 70px !important;background-color: #f8f9fa !important;}&#8221;][vc_column][vc_mad_services items=&#8221;6&#8243; text_count=&#8221;80&#8243; columns=&#8221;3&#8243; orderby=&#8221;date&#8221; order=&#8221;ASC&#8221; title_top=&#8221;B\u0130Z NE SUNUYORUZ&#8221; title=&#8221;Servislerimiz&#8221;][\/vc_mad_services][\/vc_column][\/vc_row][vc_row css=&#8221;.vc_custom_1490789603738{margin-bottom: 0px !important;padding-top: 70px !important;padding-bottom: 50px !important;}&#8221;][vc_column offset=&#8221;vc_col-lg-6 vc_col-md-12 vc_col-xs-12&#8243;][vc_mad_custom_title title_top_color=&#8221;#aab3b6&#8243; title_color=&#8221;#2a2c32&#8243; title=&#8221;TEKLiF ALIN&#8221;]<div role=\"form\" class=\"wpcf7\" id=\"wpcf7-f96-o1\" lang=\"en-US\" dir=\"ltr\">\n<div class=\"screen-reader-response\"><\/div>\n<form action=\"\/index.php?rest_route=%2Fwp%2Fv2%2Fpages%2F914#wpcf7-f96-o1\" method=\"post\" class=\"wpcf7-form\" novalidate=\"novalidate\">\n<div style=\"display: none;\">\n<input type=\"hidden\" name=\"_wpcf7\" value=\"96\" \/>\n<input type=\"hidden\" name=\"_wpcf7_version\" value=\"5.1.7\" \/>\n<input type=\"hidden\" name=\"_wpcf7_locale\" value=\"en_US\" \/>\n<input type=\"hidden\" name=\"_wpcf7_unit_tag\" value=\"wpcf7-f96-o1\" \/>\n<input type=\"hidden\" name=\"_wpcf7_container_post\" value=\"0\" \/>\n<\/div>\n<div class=\"form-style1 fx-cols-2\">\n<div class=\"form-column\"><span class=\"wpcf7-form-control-wrap text-301\"><input type=\"text\" name=\"text-301\" value=\"\" size=\"40\" class=\"wpcf7-form-control wpcf7-text\" aria-invalid=\"false\" placeholder=\"\u0130sim Soyisim\" \/><\/span><\/div>\n<div class=\"form-column\"><span class=\"wpcf7-form-control-wrap text-302\"><input type=\"text\" name=\"text-302\" value=\"\" size=\"40\" class=\"wpcf7-form-control wpcf7-text\" aria-invalid=\"false\" placeholder=\"Firma\" \/><\/span><\/div>\n<div class=\"form-column\"><span class=\"wpcf7-form-control-wrap text-303\"><input type=\"text\" name=\"text-303\" value=\"\" size=\"40\" class=\"wpcf7-form-control wpcf7-text\" aria-invalid=\"false\" placeholder=\"Konu\" \/><\/span><\/div>\n<div class=\"form-column\"><span class=\"wpcf7-form-control-wrap text-304\"><input type=\"text\" name=\"text-304\" value=\"\" size=\"40\" class=\"wpcf7-form-control wpcf7-text\" aria-invalid=\"false\" placeholder=\"Telefon\" \/><\/span><\/div>\n<div class=\"form-column\"><span class=\"wpcf7-form-control-wrap text-306\"><input type=\"text\" name=\"text-306\" value=\"\" size=\"40\" class=\"wpcf7-form-control wpcf7-text\" aria-invalid=\"false\" placeholder=\"Dahili\" \/><\/span><\/div>\n<div class=\"form-column\"><span class=\"wpcf7-form-control-wrap text-307\"><input type=\"text\" name=\"text-307\" value=\"\" size=\"40\" class=\"wpcf7-form-control wpcf7-text\" aria-invalid=\"false\" placeholder=\"Fax\" \/><\/span><\/div>\n<div class=\"form-column-full\"><span class=\"wpcf7-form-control-wrap email-453\"><input type=\"email\" name=\"email-453\" value=\"\" size=\"40\" class=\"wpcf7-form-control wpcf7-text wpcf7-email wpcf7-validates-as-email\" aria-invalid=\"false\" placeholder=\"E-Posta\" \/><\/span><\/div>\n<div class=\"form-column\"><span class=\"wpcf7-form-control-wrap textarea-117\"><textarea name=\"textarea-117\" cols=\"40\" rows=\"4\" class=\"wpcf7-form-control wpcf7-textarea\" aria-invalid=\"false\" placeholder=\"Adres\"><\/textarea><\/span><\/div>\n<div class=\"form-column\"><span class=\"wpcf7-form-control-wrap textarea-118\"><textarea name=\"textarea-118\" cols=\"40\" rows=\"4\" class=\"wpcf7-form-control wpcf7-textarea\" aria-invalid=\"false\" placeholder=\"Mesaj\"><\/textarea><\/span><\/div>\n<div id=\"cf7sr-69dfd6bb39cd9\" class=\"cf7sr-g-recaptcha\" data-sitekey=\"6LfVB8sUAAAAAOKpSzOLvdQ2y1AxTt8rVCrl_vks\"><\/div><span class=\"wpcf7-form-control-wrap cf7sr-g-recaptcha-invalid\"><\/span> <\/p>\n<div class=\"form-column-full\"><input type=\"submit\" value=\"G\u00f6nder\" class=\"wpcf7-form-control wpcf7-submit\" \/><\/div>\n<\/div>\n<div class=\"wpcf7-response-output wpcf7-display-none\"><\/div><\/form><\/div>[\/vc_column][\/vc_row][vc_row full_width=&#8221;stretch_row&#8221; css=&#8221;.vc_custom_1487837092982{margin-bottom: 0px !important;padding-top: 70px !important;padding-bottom: 70px !important;background-color: #f8f9fa !important;}&#8221;][vc_column][vc_mad_images_carousel title_font_size=&#8221;40&#8243; images=&#8221;1500,1501,1502,1503,1504,1505,1506,1507&#8243; custom_links_target=&#8221;_blank&#8221; autoplay=&#8221;yes&#8221; custom_links=&#8221;http:\/\/brand.com | http:\/\/brand2.com | http:\/\/brand.com | http:\/\/brand2.com | http:\/\/brand.com | http:\/\/brand2.com&#8221;][\/vc_column][\/vc_row][vc_row css=&#8221;.vc_custom_1570627060907{margin-bottom: 0px !important;padding-top: 70px !important;padding-bottom: 70px !important;}&#8221; el_class=&#8221;pihliz&#8221;][vc_column][vc_mad_custom_title title_top_color=&#8221;#aab3b6&#8243; title_color=&#8221;#2a2c32&#8243; title_top=&#8221;FROM OUR BLOG&#8221; title=&#8221;Latest News&#8221;][vc_mad_blog_posts blog_style=&#8221;blog-carousel&#8221; excerpt_count=&#8221;170&#8243; posts_per_page=&#8221;6&#8243; posts_title_size=&#8221;24&#8243;][\/vc_column][\/vc_row]<\/p>\n","protected":false},"excerpt":{"rendered":"<p>[vc_row][vc_column][rev_slider_vc alias=&#8221;slider&#8221;][\/vc_column][\/vc_row][vc_row][vc_column][vc_column_text] NE YAPIYORUZ? Moose Express t\u00fcm d\u00fcnya \u00fclkelerine yapaca\u011f\u0131n\u0131z g\u00f6nderilerde ve g\u00f6nderi al\u0131mlar\u0131nda g\u00f6nderi s\u00fcrecinizi, lojistik ve rekabet avantaj\u0131n\u0131z h\u00e2line getirmek i\u00e7in sizlerle.. \u0130ster giri\u015fimci ister \u015firket olun, Moose Express ile maliyetleri d\u00fc\u015f\u00fcrmenize ve \u00fcretkenli\u011fi art\u0131rman\u0131za yard\u0131mc\u0131 olmak i\u00e7in sizlere hizmet vermek birinci hedefimizdir. Bizler sizin i\u015f y\u00fck\u00fcn\u00fcz\u00fc hafifletirken siz de g\u00f6nderi yapman\u0131n huzurunu [&hellip;]<\/p>\n","protected":false},"author":1,"featured_media":0,"parent":0,"menu_order":0,"comment_status":"closed","ping_status":"closed","template":"page_home.php","meta":{"footnotes":""},"class_list":["post-914","page","type-page","status-publish","hentry"],"_links":{"self":[{"href":"http:\/\/www.moosexpress.com\/index.php?rest_route=\/wp\/v2\/pages\/914"}],"collection":[{"href":"http:\/\/www.moosexpress.com\/index.php?rest_route=\/wp\/v2\/pages"}],"about":[{"href":"http:\/\/www.moosexpress.com\/index.php?rest_route=\/wp\/v2\/types\/page"}],"author":[{"embeddable":true,"href":"http:\/\/www.moosexpress.com\/index.php?rest_route=\/wp\/v2\/users\/1"}],"replies":[{"embeddable":true,"href":"http:\/\/www.moosexpress.com\/index.php?rest_route=%2Fwp%2Fv2%2Fcomments&post=914"}],"version-history":[{"count":0,"href":"http:\/\/www.moosexpress.com\/index.php?rest_route=\/wp\/v2\/pages\/914\/revisions"}],"wp:attachment":[{"href":"http:\/\/www.moosexpress.com\/index.php?rest_route=%2Fwp%2Fv2%2Fmedia&parent=914"}],"curies":[{"name":"wp","href":"https:\/\/api.w.org\/{rel}","templated":true}]}}